{"id":74,"date":"2021-05-06T16:12:33","date_gmt":"2021-05-06T14:12:33","guid":{"rendered":"http:\/\/cinema-gujanmestras.fr\/?page_id=74"},"modified":"2024-03-27T16:29:00","modified_gmt":"2024-03-27T15:29:00","slug":"evenements","status":"publish","type":"page","link":"https:\/\/cinema-gujanmestras.fr\/index.php\/evenements\/","title":{"rendered":"\u00c9v\u00e9nements"},"content":{"rendered":"\t\t<div data-elementor-type=\"wp-page\" data-elementor-id=\"74\" class=\"elementor elementor-74\" data-elementor-settings=\"[]\">\n\t\t\t\t\t\t\t<div class=\"elementor-section-wrap\">\n\t\t\t\t\t\t\t<section class=\"elementor-section elementor-top-section elementor-element elementor-element-d85b9b4 elementor-section-boxed elementor-section-height-default elementor-section-height-default\" data-id=\"d85b9b4\" data-element_type=\"section\">\n\t\t\t\t\t\t<div class=\"elementor-container elementor-column-gap-default\">\n\t\t\t\t\t<div class=\"elementor-column elementor-col-100 elementor-top-column elementor-element elementor-element-44c9c94\" data-id=\"44c9c94\" data-element_type=\"column\">\n\t\t\t<div class=\"elementor-widget-wrap elementor-element-populated\">\n\t\t\t\t\t\t\t\t<div class=\"elementor-element elementor-element-4a20d3c elementor-widget elementor-widget-wp-widget-text\" data-id=\"4a20d3c\" data-element_type=\"widget\" data-widget_type=\"wp-widget-text.default\">\n\t\t\t\t<div class=\"elementor-widget-container\">\n\t\t\t\t\t\t<div class=\"textwidget\"><p><em><strong>\u00ab\u00a0AVANT-PREMIERES SURPRISE\u00a0\u00bb<\/strong><\/em><\/p>\n<p>Chaque mois, laissez-vous tenter et surprendre par un film dont vous ne savez rien, mais qui est chaudement recommand\u00e9 par les cin\u00e9mas art et essai ! S\u00e9ances au tarif unique de 5\u20ac pour tous.<\/p>\n<\/div>\n\t\t\t\t<\/div>\n\t\t\t\t<\/div>\n\t\t\t\t\t<\/div>\n\t\t<\/div>\n\t\t\t\t\t\t\t<\/div>\n\t\t<\/section>\n\t\t\t\t<section class=\"elementor-section elementor-top-section elementor-element elementor-element-b226ea0 elementor-section-boxed elementor-section-height-default elementor-section-height-default\" data-id=\"b226ea0\" data-element_type=\"section\">\n\t\t\t\t\t\t<div class=\"elementor-container elementor-column-gap-default\">\n\t\t\t\t\t<div class=\"elementor-column elementor-col-100 elementor-top-column elementor-element elementor-element-d2364f2\" data-id=\"d2364f2\" data-element_type=\"column\">\n\t\t\t<div class=\"elementor-widget-wrap elementor-element-populated\">\n\t\t\t\t\t\t\t\t<div class=\"elementor-element elementor-element-f1d03cd elementor-widget elementor-widget-text-editor\" data-id=\"f1d03cd\" data-element_type=\"widget\" data-widget_type=\"text-editor.default\">\n\t\t\t\t<div class=\"elementor-widget-container\">\n\t\t\t\t\t\t\t\t<p><em><strong>\u00ab\u00a0RENDEZ-VOUS DU CIN\u00c9PHILE\u00a0\u00bb<\/strong><\/em><\/p><p>Une \u00e0 deux fois par mois, les vendredis soirs, le service culturel de la ville de Gujan-Mestras propose une s\u00e9ance sp\u00e9ciale cin\u00e9phile autour d&rsquo;un film Art &amp; Essai. La projection est pr\u00e9c\u00e9d\u00e9e d&rsquo;une pr\u00e9sentation du film par une personne du service culturel et peut \u00eatre accompagn\u00e9e d&rsquo;une rencontre ou discussion. S\u00e9ances au tarif unique de 5\u20ac pour tous.<\/p>\t\t\t\t\t\t<\/div>\n\t\t\t\t<\/div>\n\t\t\t\t<div class=\"elementor-element elementor-element-bcc5a5b elementor-widget elementor-widget-text-editor\" data-id=\"bcc5a5b\" data-element_type=\"widget\" data-widget_type=\"text-editor.default\">\n\t\t\t\t<div class=\"elementor-widget-container\">\n\t\t\t\t\t\t\t\t<p><em><strong>\u00ab\u00a0MARDIS DE V.O\u00a0\u00bb \/ FESTIVAL VERSION ORIGINALE<\/strong><\/em><\/p><p>Tous les quinze jours, les mardis soirs, l&rsquo;association <a href=\"https:\/\/www.festival-version-originale.fr\/\">Version Originale<\/a>, propose une s\u00e9ance sp\u00e9ciale autour d&rsquo;un film d&rsquo;auteur en version originale sous-titr\u00e9e, pr\u00e9c\u00e9d\u00e9e d&rsquo;une pr\u00e9sentation du film et suivie d&rsquo;une discussion. \u00ab\u00a0Une occasion de partager les cultures et leur diversit\u00e9, et m\u00eame de d\u00e9couvrir de nouveaux talents.\u00a0\u00bb Association Version Originale. S\u00e9ances au tarif unique de 5\u20ac pour tous.<\/p><p>Chaque ann\u00e9e, l&rsquo;association organise \u00e9galement le <strong>FESTIVAL VERSION ORIGINALE.<\/strong> Projections de films des 5 continents en VOSTF, rencontres avec les auteurs, s\u00e9ances sp\u00e9ciales, programmation sp\u00e9ciale pour les scolaires, cin\u00e9-philos&#8230;<\/p>\t\t\t\t\t\t<\/div>\n\t\t\t\t<\/div>\n\t\t\t\t\t<\/div>\n\t\t<\/div>\n\t\t\t\t\t\t\t<\/div>\n\t\t<\/section>\n\t\t\t\t<section class=\"elementor-section elementor-top-section elementor-element elementor-element-10e328a elementor-section-boxed elementor-section-height-default elementor-section-height-default\" data-id=\"10e328a\" data-element_type=\"section\">\n\t\t\t\t\t\t<div class=\"elementor-container elementor-column-gap-default\">\n\t\t\t\t\t<div class=\"elementor-column elementor-col-100 elementor-top-column elementor-element elementor-element-baeb939\" data-id=\"baeb939\" data-element_type=\"column\">\n\t\t\t<div class=\"elementor-widget-wrap elementor-element-populated\">\n\t\t\t\t\t\t\t\t<div class=\"elementor-element elementor-element-7382ddb elementor-widget elementor-widget-text-editor\" data-id=\"7382ddb\" data-element_type=\"widget\" data-widget_type=\"text-editor.default\">\n\t\t\t\t<div class=\"elementor-widget-container\">\n\t\t\t\t\t\t\t\t<p><em><strong>S\u00e9ances \u00ab\u00a0CLINS D&rsquo;OEIL\u00a0\u00bb \/ TOURN\u00c9ES DE CIN\u00c9ASTES<\/strong><\/em><\/p><p>Tout au long de l&rsquo;ann\u00e9e, en partenariat avec <a href=\"http:\/\/www.cineproximite-gironde.fr\/\">l&rsquo;ACPG<\/a> (Association des Cin\u00e9mas de Proximit\u00e9 en Gironde), les s\u00e9ances \u00ab\u00a0Clins d&rsquo;Oeil\u00a0\u00bb mettent en avant des films d&rsquo;actualit\u00e9 et de soci\u00e9t\u00e9, qui sont accompagn\u00e9s de rencontres avec des universitaires, sp\u00e9cialistes, cin\u00e9astes, associations&#8230;<\/p><p>Ponctuellement, nous avons le plaisir d&rsquo;accueillir des cin\u00e9astes qui viennent pr\u00e9senter leurs films, dans le cadre de tourn\u00e9es organis\u00e9es par l&rsquo;ACPG ou <a href=\"https:\/\/www.cinemas-na.fr\/\">CINA<\/a> (Cin\u00e9mas Ind\u00e9pendants de Nouvelle-Aquitaine).<\/p>\t\t\t\t\t\t<\/div>\n\t\t\t\t<\/div>\n\t\t\t\t\t<\/div>\n\t\t<\/div>\n\t\t\t\t\t\t\t<\/div>\n\t\t<\/section>\n\t\t\t\t<section class=\"elementor-section elementor-top-section elementor-element elementor-element-42deda8 elementor-section-boxed elementor-section-height-default elementor-section-height-default\" data-id=\"42deda8\" data-element_type=\"section\">\n\t\t\t\t\t\t<div class=\"elementor-container elementor-column-gap-default\">\n\t\t\t\t\t<div class=\"elementor-column elementor-col-100 elementor-top-column elementor-element elementor-element-aa8ce90\" data-id=\"aa8ce90\" data-element_type=\"column\">\n\t\t\t<div class=\"elementor-widget-wrap elementor-element-populated\">\n\t\t\t\t\t\t\t\t<div class=\"elementor-element elementor-element-e0ef1c1 elementor-widget elementor-widget-text-editor\" data-id=\"e0ef1c1\" data-element_type=\"widget\" data-widget_type=\"text-editor.default\">\n\t\t\t\t<div class=\"elementor-widget-container\">\n\t\t\t\t\t\t\t\t<p><em><strong>S\u00e9ances \u00ab\u00a0JEUNE PUBLIC\u00a0\u00bb<\/strong><\/em><\/p><p>Quant aux petits cin\u00e9philes en herbe, nous leurs r\u00e9servons une programmation sp\u00e9ciale tout au long de l&rsquo;ann\u00e9e (<strong>Du cin\u00e9 plein les mirettes<\/strong>), des s\u00e9ances \u00ab\u00a0cin\u00e9 jeunes\u00a0\u00bb, mais \u00e9galement des rendez-vous privil\u00e9gi\u00e9s, les \u00ab\u00a0<strong>Minokinos<\/strong>\u00a0\u00bb (1 film + 1 go\u00fbter + 1 spectacle) organis\u00e9s par l&rsquo;ACPG.<\/p>\t\t\t\t\t\t<\/div>\n\t\t\t\t<\/div>\n\t\t\t\t\t<\/div>\n\t\t<\/div>\n\t\t\t\t\t\t\t<\/div>\n\t\t<\/section>\n\t\t\t\t\t\t<\/div>\n\t\t\t\t\t<\/div>\n\t\t","protected":false},"excerpt":{"rendered":"<p>\u00ab\u00a0RENDEZ-VOUS DU CIN\u00c9PHILE\u00a0\u00bb Une \u00e0 deux fois par mois, les vendredis soirs, le service culturel de la ville de Gujan-Mestras propose une s\u00e9ance sp\u00e9ciale cin\u00e9phile autour d&rsquo;un film Art &amp; Essai. La projection est pr\u00e9c\u00e9d\u00e9e d&rsquo;une pr\u00e9sentation du film par une personne du service culturel et peut \u00eatre accompagn\u00e9e d&rsquo;une rencontre ou discussion. S\u00e9ances au &hellip;<\/p>\n<p class=\"read-more\"> <a class=\"\" href=\"https:\/\/cinema-gujanmestras.fr\/index.php\/evenements\/\"> <span class=\"screen-reader-text\">\u00c9v\u00e9nements<\/span> Lire la suite\u00a0\u00bb<\/a><\/p>\n","protected":false},"author":1,"featured_media":0,"parent":0,"menu_order":0,"comment_status":"closed","ping_status":"closed","template":"","meta":{"footnotes":""},"_links":{"self":[{"href":"https:\/\/cinema-gujanmestras.fr\/index.php\/wp-json\/wp\/v2\/pages\/74"}],"collection":[{"href":"https:\/\/cinema-gujanmestras.fr\/index.php\/wp-json\/wp\/v2\/pages"}],"about":[{"href":"https:\/\/cinema-gujanmestras.fr\/index.php\/wp-json\/wp\/v2\/types\/page"}],"author":[{"embeddable":true,"href":"https:\/\/cinema-gujanmestras.fr\/index.php\/wp-json\/wp\/v2\/users\/1"}],"replies":[{"embeddable":true,"href":"https:\/\/cinema-gujanmestras.fr\/index.php\/wp-json\/wp\/v2\/comments?post=74"}],"version-history":[{"count":28,"href":"https:\/\/cinema-gujanmestras.fr\/index.php\/wp-json\/wp\/v2\/pages\/74\/revisions"}],"predecessor-version":[{"id":1491,"href":"https:\/\/cinema-gujanmestras.fr\/index.php\/wp-json\/wp\/v2\/pages\/74\/revisions\/1491"}],"wp:attachment":[{"href":"https:\/\/cinema-gujanmestras.fr\/index.php\/wp-json\/wp\/v2\/media?parent=74"}],"curies":[{"name":"wp","href":"https:\/\/api.w.org\/{rel}","templated":true}]}}