{"id":275,"date":"2021-05-07T17:20:40","date_gmt":"2021-05-07T15:20:40","guid":{"rendered":"http:\/\/cinema-gujanmestras.fr\/?page_id=275"},"modified":"2025-11-24T14:43:07","modified_gmt":"2025-11-24T13:43:07","slug":"groupes-ce","status":"publish","type":"page","link":"https:\/\/cinema-gujanmestras.fr\/index.php\/groupes-ce\/","title":{"rendered":"Groupes\/CE"},"content":{"rendered":"\t\t<div data-elementor-type=\"wp-page\" data-elementor-id=\"275\" class=\"elementor elementor-275\" data-elementor-settings=\"[]\">\n\t\t\t\t\t\t\t<div class=\"elementor-section-wrap\">\n\t\t\t\t\t\t\t<section class=\"elementor-section elementor-top-section elementor-element elementor-element-e6edee5 elementor-section-boxed elementor-section-height-default elementor-section-height-default\" data-id=\"e6edee5\" data-element_type=\"section\">\n\t\t\t\t\t\t<div class=\"elementor-container elementor-column-gap-default\">\n\t\t\t\t\t<div class=\"elementor-column elementor-col-100 elementor-top-column elementor-element elementor-element-804bede\" data-id=\"804bede\" data-element_type=\"column\">\n\t\t\t<div class=\"elementor-widget-wrap elementor-element-populated\">\n\t\t\t\t\t\t\t\t<div class=\"elementor-element elementor-element-e0e6c59 elementor-widget elementor-widget-text-editor\" data-id=\"e0e6c59\" data-element_type=\"widget\" data-widget_type=\"text-editor.default\">\n\t\t\t\t<div class=\"elementor-widget-container\">\n\t\t\t\t\t\t\t\t<p><span style=\"text-decoration: underline;\"><strong>S\u00c9ANCES GROUPES<\/strong><\/span><\/p><p>\u00c9coles, coll\u00e8ges, lyc\u00e9es, centres de loisirs etc., r\u00e9servez vos s\u00e9ances de groupes ! Nous proposons des s\u00e9ances privatis\u00e9es sur demande (groupes de 50 personnes minimum) au tarif de 4\u20ac\u00a0pour les longs-m\u00e9trages et 3\u20ac\u00a0pour les courts-m\u00e9trages (moins d&rsquo;une heure).<\/p><p>Pensez-y ! Nous proposons \u00e9galement des s\u00e9ances \u00ab\u00a0<strong>Arbre de No\u00ebl<\/strong>\u00a0\u00bb destin\u00e9es au \u00e9coles et comit\u00e9s d&rsquo;entreprises !<\/p><p>Tous les ans au mois d&rsquo;octobre, nous \u00e9tablissons une liste de films destin\u00e9s au jeune public, que nous envoyons aux \u00e9coles.\u00a0<\/p><p><strong>Pour r\u00e9server votre s\u00e9ance de groupe, contactez Marjorie Rivi\u00e8re \u00e0 l&rsquo;adresse mail suivante : mriviere.artec@gmail.com\u00a0<\/strong><\/p>\t\t\t\t\t\t<\/div>\n\t\t\t\t<\/div>\n\t\t\t\t<div class=\"elementor-element elementor-element-3b0bf8b elementor-widget elementor-widget-text-editor\" data-id=\"3b0bf8b\" data-element_type=\"widget\" data-widget_type=\"text-editor.default\">\n\t\t\t\t<div class=\"elementor-widget-container\">\n\t\t\t\t\t\t\t\t<p><span style=\"text-decoration: underline;\"><strong>BILLETS CE<\/strong><\/span><\/p><p>L&rsquo;ACPG\u00a0(Association des Cin\u00e9mas de Proximit\u00e9 en Gironde) \u00e9dite des\u00a0<strong>Tickets Cin\u00e9 Proximit\u00e9<\/strong>\u00a0\u00e0 destination des comit\u00e9s d&rsquo;entreprises, CGOS, associations de salari\u00e9s et \u0153uvres sociales du d\u00e9partement de la Gironde.\u00a0<\/p><p>Ils sont vendus \u00e0 l&rsquo;unit\u00e9 au tarif de 5,50\u20ac (minimum 10) et sont <strong>valables 1 an<\/strong> \u00e0 compter de la date d&rsquo;achat. Ces tickets permettent aux CE de profiter d&rsquo;un tarif pr\u00e9f\u00e9rentiel dans 26 cin\u00e9mas de proximit\u00e9 en Gironde, parmi lesquels le cin\u00e9ma G\u00e9rard Philipe.<\/p><p><strong>Vous pouvez passer vos commandes de Tickets Cin\u00e9 Proximit\u00e9 par mail \u00e0 l&rsquo;ACPG : contact@cineproximite-gironde.fr.<\/strong><\/p><p><img loading=\"lazy\" decoding=\"async\" class=\"wp-image-281 size-medium alignleft\" src=\"http:\/\/cinema-gujanmestras.fr\/wp-content\/uploads\/2021\/05\/maq_tcp-2019-infos-20191106-112050-300x173.jpg\" alt=\"\" width=\"300\" height=\"173\" srcset=\"https:\/\/cinema-gujanmestras.fr\/wp-content\/uploads\/2021\/05\/maq_tcp-2019-infos-20191106-112050-300x173.jpg 300w, https:\/\/cinema-gujanmestras.fr\/wp-content\/uploads\/2021\/05\/maq_tcp-2019-infos-20191106-112050.jpg 640w\" sizes=\"(max-width: 300px) 100vw, 300px\" \/><\/p>\t\t\t\t\t\t<\/div>\n\t\t\t\t<\/div>\n\t\t\t\t\t<\/div>\n\t\t<\/div>\n\t\t\t\t\t\t\t<\/div>\n\t\t<\/section>\n\t\t\t\t<section class=\"elementor-section elementor-top-section elementor-element elementor-element-2d7a4c5 elementor-section-boxed elementor-section-height-default elementor-section-height-default\" data-id=\"2d7a4c5\" data-element_type=\"section\">\n\t\t\t\t\t\t<div class=\"elementor-container elementor-column-gap-default\">\n\t\t\t\t\t<div class=\"elementor-column elementor-col-100 elementor-top-column elementor-element elementor-element-007f3aa\" data-id=\"007f3aa\" data-element_type=\"column\">\n\t\t\t<div class=\"elementor-widget-wrap\">\n\t\t\t\t\t\t\t\t\t<\/div>\n\t\t<\/div>\n\t\t\t\t\t\t\t<\/div>\n\t\t<\/section>\n\t\t\t\t\t\t<\/div>\n\t\t\t\t\t<\/div>\n\t\t","protected":false},"excerpt":{"rendered":"<p>S\u00c9ANCES GROUPES \u00c9coles, coll\u00e8ges, lyc\u00e9es, centres de loisirs etc., r\u00e9servez vos s\u00e9ances de groupes ! Nous proposons des s\u00e9ances privatis\u00e9es sur demande (groupes de 50 personnes minimum) au tarif de 4\u20ac\u00a0pour les longs-m\u00e9trages et 3\u20ac\u00a0pour les courts-m\u00e9trages (moins d&rsquo;une heure). Pensez-y ! Nous proposons \u00e9galement des s\u00e9ances \u00ab\u00a0Arbre de No\u00ebl\u00a0\u00bb destin\u00e9es au \u00e9coles et comit\u00e9s &hellip;<\/p>\n<p class=\"read-more\"> <a class=\"\" href=\"https:\/\/cinema-gujanmestras.fr\/index.php\/groupes-ce\/\"> <span class=\"screen-reader-text\">Groupes\/CE<\/span> Lire la suite\u00a0\u00bb<\/a><\/p>\n","protected":false},"author":1,"featured_media":0,"parent":0,"menu_order":0,"comment_status":"closed","ping_status":"closed","template":"","meta":{"footnotes":""},"_links":{"self":[{"href":"https:\/\/cinema-gujanmestras.fr\/index.php\/wp-json\/wp\/v2\/pages\/275"}],"collection":[{"href":"https:\/\/cinema-gujanmestras.fr\/index.php\/wp-json\/wp\/v2\/pages"}],"about":[{"href":"https:\/\/cinema-gujanmestras.fr\/index.php\/wp-json\/wp\/v2\/types\/page"}],"author":[{"embeddable":true,"href":"https:\/\/cinema-gujanmestras.fr\/index.php\/wp-json\/wp\/v2\/users\/1"}],"replies":[{"embeddable":true,"href":"https:\/\/cinema-gujanmestras.fr\/index.php\/wp-json\/wp\/v2\/comments?post=275"}],"version-history":[{"count":22,"href":"https:\/\/cinema-gujanmestras.fr\/index.php\/wp-json\/wp\/v2\/pages\/275\/revisions"}],"predecessor-version":[{"id":2431,"href":"https:\/\/cinema-gujanmestras.fr\/index.php\/wp-json\/wp\/v2\/pages\/275\/revisions\/2431"}],"wp:attachment":[{"href":"https:\/\/cinema-gujanmestras.fr\/index.php\/wp-json\/wp\/v2\/media?parent=275"}],"curies":[{"name":"wp","href":"https:\/\/api.w.org\/{rel}","templated":true}]}}