{"id":110,"date":"2021-05-06T17:35:45","date_gmt":"2021-05-06T15:35:45","guid":{"rendered":"http:\/\/cinema-gujanmestras.fr\/?page_id=110"},"modified":"2026-02-28T22:21:04","modified_gmt":"2026-02-28T21:21:04","slug":"tarifs","status":"publish","type":"page","link":"https:\/\/cinema-gujanmestras.fr\/index.php\/tarifs\/","title":{"rendered":"Tarifs"},"content":{"rendered":"<p><strong>Tarif normal : 7\u20ac<\/strong><\/p>\n<p><strong>Tarif &#8211; 16 ans : 4,50\u20ac<\/strong><\/p>\n<p><strong>Cin\u00e9 jeunes : 4\u20ac<\/strong><\/p>\n<p><strong>Tarif r\u00e9duit* : 5,50\u20ac<\/strong><\/p>\n<p><strong>Tarif + 60 ans : 6\u20ac<\/strong><\/p>\n<p><strong>Suppl\u00e9ment 3D : 1\u20ac50<\/strong><\/p>\n<h6><em>*\u00e9tudiants, familles nombreuses, demandeurs d&#8217;emploi, personnes handicap\u00e9es<\/em><\/h6>\n<p><strong>Carte d&rsquo;abonnement 10 entr\u00e9es : 49\u20ac + 1\u20ac lors de l&rsquo;achat(max 2 places\/s\u00e9ance, valable 9 mois)<\/strong><\/p>\n","protected":false},"excerpt":{"rendered":"<p>Tarif normal : 7\u20ac Tarif &#8211; 16 ans : 4,50\u20ac Cin\u00e9 jeunes : 4\u20ac Tarif r\u00e9duit* : 5,50\u20ac Tarif + 60 ans : 6\u20ac Suppl\u00e9ment 3D : 1\u20ac50 *\u00e9tudiants, familles nombreuses, demandeurs d&#8217;emploi, personnes handicap\u00e9es Carte d&rsquo;abonnement 10 entr\u00e9es : 49\u20ac + 1\u20ac lors de l&rsquo;achat(max 2 places\/s\u00e9ance, valable 9 mois)<\/p>\n","protected":false},"author":1,"featured_media":0,"parent":0,"menu_order":0,"comment_status":"closed","ping_status":"closed","template":"","meta":{"footnotes":""},"_links":{"self":[{"href":"https:\/\/cinema-gujanmestras.fr\/index.php\/wp-json\/wp\/v2\/pages\/110"}],"collection":[{"href":"https:\/\/cinema-gujanmestras.fr\/index.php\/wp-json\/wp\/v2\/pages"}],"about":[{"href":"https:\/\/cinema-gujanmestras.fr\/index.php\/wp-json\/wp\/v2\/types\/page"}],"author":[{"embeddable":true,"href":"https:\/\/cinema-gujanmestras.fr\/index.php\/wp-json\/wp\/v2\/users\/1"}],"replies":[{"embeddable":true,"href":"https:\/\/cinema-gujanmestras.fr\/index.php\/wp-json\/wp\/v2\/comments?post=110"}],"version-history":[{"count":10,"href":"https:\/\/cinema-gujanmestras.fr\/index.php\/wp-json\/wp\/v2\/pages\/110\/revisions"}],"predecessor-version":[{"id":2615,"href":"https:\/\/cinema-gujanmestras.fr\/index.php\/wp-json\/wp\/v2\/pages\/110\/revisions\/2615"}],"wp:attachment":[{"href":"https:\/\/cinema-gujanmestras.fr\/index.php\/wp-json\/wp\/v2\/media?parent=110"}],"curies":[{"name":"wp","href":"https:\/\/api.w.org\/{rel}","templated":true}]}}